{"id":2,"date":"2015-09-16T04:24:25","date_gmt":"2015-09-16T04:24:25","guid":{"rendered":"http:\/\/wp431m.a10-52-158-154.qa.plesk.ru\/wordpress\/?page_id=2"},"modified":"2022-02-04T14:26:32","modified_gmt":"2022-02-04T13:26:32","slug":"sample-page","status":"publish","type":"page","link":"https:\/\/nedabekhairnia.com\/?page_id=2","title":{"rendered":"\u00dcber mich"},"content":{"rendered":"<p><strong><a href=\"https:\/\/nedabekhairnia.com\/wp-content\/uploads\/2015\/09\/201610jjj13_105716-e1479727232176.jpg\"><img loading=\"lazy\" decoding=\"async\" class=\"wp-image-108 size-thumbnail alignright\" src=\"https:\/\/nedabekhairnia.com\/wp-content\/uploads\/2015\/09\/201610jjj13_105716-e1479727232176-150x150.jpg\" alt=\"201610jjj13_105716\" width=\"150\" height=\"150\" \/><\/a>Fachliche Qualifikationen<\/strong><\/p>\n<ul>\n<li>Approbierte Kinder und Jugendlichen Psychotherapeutin (Tiefenpsychologisch fundierte Psychotherapie)<\/li>\n<li>Magisterabschluss in Erziehungswissenschaften mit den Nebenf\u00e4chern Psychologie und Soziologie<\/li>\n<li>Zertifizierte Lehrerin f\u00fcr Focusing und Focusing orientierte Psychotherapie,<\/li>\n<li>Trainerin f\u00fcr Gewaltfreie Kommunikation.<\/li>\n<\/ul>\n<p><strong>Weiterbildungen in:<\/strong><\/p>\n<ul>\n<li>Tiefenpsychologisch fundierter Tanz- und Bewegungstherapie<\/li>\n<li>in Hypnotherapie<\/li>\n<li>in tiefenpsychologisch fundierter Gruppentherapie.<\/li>\n<\/ul>\n<p><strong>Dozentent\u00e4tigkeit<\/strong><\/p>\n<p>Seit Januar 2010, Dozentent\u00e4tigkeit an dem staatlich anerkannten Ausbildungsinstitut K\u00f6ln-Bonner-Akademie f\u00fcr Psychotherapie in Bonn.<\/p>\n<p>Von Januar 2008 bis Mai 2019 Dozentent\u00e4tigkeit am Focusing-Institut K\u00f6ln.<\/p>\n<p>Seit M\u00e4rz 2008 Dozentent\u00e4tigkeit im Bereich der Gewaltfreien Kommunikation nach Rosenberg in K\u00f6ln und Bonn.<\/p>\n<p><!--more--><\/p>\n<p><!--more--><\/p>\n","protected":false},"excerpt":{"rendered":"<p>Fachliche Qualifikationen Approbierte Kinder und Jugendlichen Psychotherapeutin (Tiefenpsychologisch fundierte Psychotherapie) Magisterabschluss in Erziehungswissenschaften mit den Nebenf\u00e4chern Psychologie und Soziologie Zertifizierte Lehrerin f\u00fcr Focusing und Focusing orientierte Psychotherapie, Trainerin f\u00fcr Gewaltfreie Kommunikation. Weiterbildungen in: Tiefenpsychologisch fundierter Tanz- und Bewegungstherapie in Hypnotherapie in tiefenpsychologisch fundierter Gruppentherapie. Dozentent\u00e4tigkeit Seit Januar 2010, Dozentent\u00e4tigkeit an dem staatlich anerkannten Ausbildungsinstitut K\u00f6ln-Bonner-Akademie [&hellip;]<\/p>\n","protected":false},"author":1,"featured_media":0,"parent":0,"menu_order":1,"comment_status":"closed","ping_status":"open","template":"","meta":{"footnotes":""},"class_list":["post-2","page","type-page","status-publish","hentry","missing-thumbnail"],"_links":{"self":[{"href":"https:\/\/nedabekhairnia.com\/index.php?rest_route=\/wp\/v2\/pages\/2","targetHints":{"allow":["GET"]}}],"collection":[{"href":"https:\/\/nedabekhairnia.com\/index.php?rest_route=\/wp\/v2\/pages"}],"about":[{"href":"https:\/\/nedabekhairnia.com\/index.php?rest_route=\/wp\/v2\/types\/page"}],"author":[{"embeddable":true,"href":"https:\/\/nedabekhairnia.com\/index.php?rest_route=\/wp\/v2\/users\/1"}],"replies":[{"embeddable":true,"href":"https:\/\/nedabekhairnia.com\/index.php?rest_route=%2Fwp%2Fv2%2Fcomments&post=2"}],"version-history":[{"count":16,"href":"https:\/\/nedabekhairnia.com\/index.php?rest_route=\/wp\/v2\/pages\/2\/revisions"}],"predecessor-version":[{"id":200,"href":"https:\/\/nedabekhairnia.com\/index.php?rest_route=\/wp\/v2\/pages\/2\/revisions\/200"}],"wp:attachment":[{"href":"https:\/\/nedabekhairnia.com\/index.php?rest_route=%2Fwp%2Fv2%2Fmedia&parent=2"}],"curies":[{"name":"wp","href":"https:\/\/api.w.org\/{rel}","templated":true}]}}